{"id":763,"date":"2020-11-14T07:29:13","date_gmt":"2020-11-14T12:29:13","guid":{"rendered":"https:\/\/www.istlogistics.ca\/about-us\/"},"modified":"2022-04-13T07:06:36","modified_gmt":"2022-04-13T12:06:36","slug":"a-propos","status":"publish","type":"page","link":"https:\/\/www.istlogistics.ca\/fr\/a-propos\/","title":{"rendered":"\u00c0 propos"},"content":{"rendered":"\t\t<div data-elementor-type=\"wp-page\" data-elementor-id=\"763\" class=\"elementor elementor-763\">\n\t\t\t\t\t\t<section class=\"elementor-section elementor-top-section elementor-element elementor-element-099a6d9 elementor-section-height-full elementor-section-boxed elementor-section-height-default elementor-section-items-middle\" data-id=\"099a6d9\" data-element_type=\"section\" data-settings=\"{&quot;jet_parallax_layout_list&quot;:[{&quot;jet_parallax_layout_image&quot;:{&quot;url&quot;:&quot;&quot;,&quot;id&quot;:&quot;&quot;,&quot;size&quot;:&quot;&quot;},&quot;_id&quot;:&quot;b154484&quot;,&quot;jet_parallax_layout_image_tablet&quot;:{&quot;url&quot;:&quot;&quot;,&quot;id&quot;:&quot;&quot;,&quot;size&quot;:&quot;&quot;},&quot;jet_parallax_layout_image_mobile&quot;:{&quot;url&quot;:&quot;&quot;,&quot;id&quot;:&quot;&quot;,&quot;size&quot;:&quot;&quot;},&quot;jet_parallax_layout_speed&quot;:{&quot;unit&quot;:&quot;%&quot;,&quot;size&quot;:50,&quot;sizes&quot;:[]},&quot;jet_parallax_layout_type&quot;:&quot;scroll&quot;,&quot;jet_parallax_layout_direction&quot;:&quot;1&quot;,&quot;jet_parallax_layout_fx_direction&quot;:null,&quot;jet_parallax_layout_z_index&quot;:&quot;&quot;,&quot;jet_parallax_layout_bg_x&quot;:50,&quot;jet_parallax_layout_bg_x_tablet&quot;:&quot;&quot;,&quot;jet_parallax_layout_bg_x_mobile&quot;:&quot;&quot;,&quot;jet_parallax_layout_bg_y&quot;:50,&quot;jet_parallax_layout_bg_y_tablet&quot;:&quot;&quot;,&quot;jet_parallax_layout_bg_y_mobile&quot;:&quot;&quot;,&quot;jet_parallax_layout_bg_size&quot;:&quot;auto&quot;,&quot;jet_parallax_layout_bg_size_tablet&quot;:&quot;&quot;,&quot;jet_parallax_layout_bg_size_mobile&quot;:&quot;&quot;,&quot;jet_parallax_layout_animation_prop&quot;:&quot;transform&quot;,&quot;jet_parallax_layout_on&quot;:[&quot;desktop&quot;,&quot;tablet&quot;]}],&quot;background_background&quot;:&quot;classic&quot;}\">\n\t\t\t\t\t\t\t<div class=\"elementor-background-overlay\"><\/div>\n\t\t\t\t\t\t\t<div class=\"elementor-container elementor-column-gap-no\">\n\t\t\t\t\t<div class=\"elementor-column elementor-col-50 elementor-top-column elementor-element elementor-element-80e3c1b\" data-id=\"80e3c1b\" data-element_type=\"column\">\n\t\t\t<div class=\"elementor-widget-wrap elementor-element-populated\">\n\t\t\t\t\t\t<div class=\"elementor-element elementor-element-900bb6f elementor-widget elementor-widget-heading\" data-id=\"900bb6f\" data-element_type=\"widget\" data-widget_type=\"heading.default\">\n\t\t\t\t<div class=\"elementor-widget-container\">\n\t\t\t\t\t<h1 class=\"elementor-heading-title elementor-size-default\">Notre entreprise de transport et de logistique\n<\/h1>\t\t\t\t<\/div>\n\t\t\t\t<\/div>\n\t\t\t\t\t<\/div>\n\t\t<\/div>\n\t\t\t\t<div class=\"elementor-column elementor-col-50 elementor-top-column elementor-element elementor-element-26a6fc0\" data-id=\"26a6fc0\" data-element_type=\"column\">\n\t\t\t<div class=\"elementor-widget-wrap\">\n\t\t\t\t\t\t\t<\/div>\n\t\t<\/div>\n\t\t\t\t\t<\/div>\n\t\t<\/section>\n\t\t\t\t<section class=\"elementor-section elementor-top-section elementor-element elementor-element-4e29790 elementor-section-boxed elementor-section-height-default elementor-section-height-default\" data-id=\"4e29790\" data-element_type=\"section\" data-settings=\"{&quot;jet_parallax_layout_list&quot;:[{&quot;jet_parallax_layout_image&quot;:{&quot;url&quot;:&quot;&quot;,&quot;id&quot;:&quot;&quot;,&quot;size&quot;:&quot;&quot;},&quot;_id&quot;:&quot;3a0d85f&quot;,&quot;jet_parallax_layout_image_tablet&quot;:{&quot;url&quot;:&quot;&quot;,&quot;id&quot;:&quot;&quot;,&quot;size&quot;:&quot;&quot;},&quot;jet_parallax_layout_image_mobile&quot;:{&quot;url&quot;:&quot;&quot;,&quot;id&quot;:&quot;&quot;,&quot;size&quot;:&quot;&quot;},&quot;jet_parallax_layout_speed&quot;:{&quot;unit&quot;:&quot;%&quot;,&quot;size&quot;:50,&quot;sizes&quot;:[]},&quot;jet_parallax_layout_type&quot;:&quot;scroll&quot;,&quot;jet_parallax_layout_direction&quot;:&quot;1&quot;,&quot;jet_parallax_layout_fx_direction&quot;:null,&quot;jet_parallax_layout_z_index&quot;:&quot;&quot;,&quot;jet_parallax_layout_bg_x&quot;:50,&quot;jet_parallax_layout_bg_x_tablet&quot;:&quot;&quot;,&quot;jet_parallax_layout_bg_x_mobile&quot;:&quot;&quot;,&quot;jet_parallax_layout_bg_y&quot;:50,&quot;jet_parallax_layout_bg_y_tablet&quot;:&quot;&quot;,&quot;jet_parallax_layout_bg_y_mobile&quot;:&quot;&quot;,&quot;jet_parallax_layout_bg_size&quot;:&quot;auto&quot;,&quot;jet_parallax_layout_bg_size_tablet&quot;:&quot;&quot;,&quot;jet_parallax_layout_bg_size_mobile&quot;:&quot;&quot;,&quot;jet_parallax_layout_animation_prop&quot;:&quot;transform&quot;,&quot;jet_parallax_layout_on&quot;:[&quot;desktop&quot;,&quot;tablet&quot;]}],&quot;background_background&quot;:&quot;classic&quot;}\">\n\t\t\t\t\t\t<div class=\"elementor-container elementor-column-gap-no\">\n\t\t\t\t\t<div class=\"elementor-column elementor-col-50 elementor-top-column elementor-element elementor-element-549b062\" data-id=\"549b062\" data-element_type=\"column\">\n\t\t\t<div class=\"elementor-widget-wrap elementor-element-populated\">\n\t\t\t\t\t\t<div class=\"elementor-element elementor-element-1b340b9 elementor-invisible elementor-widget elementor-widget-heading\" data-id=\"1b340b9\" data-element_type=\"widget\" data-settings=\"{&quot;_animation&quot;:&quot;slideInLeft&quot;}\" data-widget_type=\"heading.default\">\n\t\t\t\t<div class=\"elementor-widget-container\">\n\t\t\t\t\t<h2 class=\"elementor-heading-title elementor-size-default\">Exp\u00e9dition de fret \u00e0 travers l'Am\u00e9rique du Nord depuis plus d'une d\u00e9cennie<\/h2>\t\t\t\t<\/div>\n\t\t\t\t<\/div>\n\t\t\t\t<div class=\"elementor-element elementor-element-f1f9b48 elementor-invisible elementor-widget elementor-widget-text-editor\" data-id=\"f1f9b48\" data-element_type=\"widget\" data-settings=\"{&quot;_animation&quot;:&quot;slideInLeft&quot;}\" data-widget_type=\"text-editor.default\">\n\t\t\t\t<div class=\"elementor-widget-container\">\n\t\t\t\t\t\t\t\t\t<p>Fond\u00e9e en 2010, IST Logistics a sans cesse \u00e9largi ses services en offrant des solutions de transport et de cha\u00eene d&rsquo;approvisionnement enti\u00e8rement int\u00e9gr\u00e9es. Bas\u00e9s \u00e0 Montr\u00e9al, au Qu\u00e9bec, nous avons l&rsquo;expertise pour r\u00e9pondre \u00e0 vos besoins en tant que guichet unique pour toutes vos exigences en mati\u00e8re de cha\u00eene d&rsquo;approvisionnement<\/p>\t\t\t\t\t\t\t\t<\/div>\n\t\t\t\t<\/div>\n\t\t\t\t\t<\/div>\n\t\t<\/div>\n\t\t\t\t<div class=\"elementor-column elementor-col-50 elementor-top-column elementor-element elementor-element-a59b3f9\" data-id=\"a59b3f9\" data-element_type=\"column\">\n\t\t\t<div class=\"elementor-widget-wrap elementor-element-populated\">\n\t\t\t\t\t\t<div class=\"elementor-element elementor-element-a3fed58 elementor-widget elementor-widget-image\" data-id=\"a3fed58\" data-element_type=\"widget\" data-widget_type=\"image.default\">\n\t\t\t\t<div class=\"elementor-widget-container\">\n\t\t\t\t\t\t\t\t\t\t\t\t\t\t\t<img fetchpriority=\"high\" decoding=\"async\" width=\"1024\" height=\"1024\" src=\"https:\/\/www.istlogistics.ca\/wp-content\/uploads\/map-canada-usa-cfcfcf-fonce-1024x1024.jpg\" class=\"attachment-large size-large wp-image-723\" alt=\"\" srcset=\"https:\/\/www.istlogistics.ca\/wp-content\/uploads\/map-canada-usa-cfcfcf-fonce-1024x1024.jpg 1024w, https:\/\/www.istlogistics.ca\/wp-content\/uploads\/map-canada-usa-cfcfcf-fonce-300x300.jpg 300w, https:\/\/www.istlogistics.ca\/wp-content\/uploads\/map-canada-usa-cfcfcf-fonce-150x150.jpg 150w, https:\/\/www.istlogistics.ca\/wp-content\/uploads\/map-canada-usa-cfcfcf-fonce-768x768.jpg 768w, https:\/\/www.istlogistics.ca\/wp-content\/uploads\/map-canada-usa-cfcfcf-fonce-1536x1536.jpg 1536w, https:\/\/www.istlogistics.ca\/wp-content\/uploads\/map-canada-usa-cfcfcf-fonce-500x500.jpg 500w, https:\/\/www.istlogistics.ca\/wp-content\/uploads\/map-canada-usa-cfcfcf-fonce.jpg 1920w\" sizes=\"(max-width: 1024px) 100vw, 1024px\" \/>\t\t\t\t\t\t\t\t\t\t\t\t\t\t\t<\/div>\n\t\t\t\t<\/div>\n\t\t\t\t\t<\/div>\n\t\t<\/div>\n\t\t\t\t\t<\/div>\n\t\t<\/section>\n\t\t\t\t<section class=\"elementor-section elementor-top-section elementor-element elementor-element-aa4e5aa elementor-section-boxed elementor-section-height-default elementor-section-height-default\" data-id=\"aa4e5aa\" data-element_type=\"section\" data-settings=\"{&quot;jet_parallax_layout_list&quot;:[{&quot;jet_parallax_layout_image&quot;:{&quot;url&quot;:&quot;&quot;,&quot;id&quot;:&quot;&quot;,&quot;size&quot;:&quot;&quot;},&quot;_id&quot;:&quot;fcb8870&quot;,&quot;jet_parallax_layout_image_tablet&quot;:{&quot;url&quot;:&quot;&quot;,&quot;id&quot;:&quot;&quot;,&quot;size&quot;:&quot;&quot;},&quot;jet_parallax_layout_image_mobile&quot;:{&quot;url&quot;:&quot;&quot;,&quot;id&quot;:&quot;&quot;,&quot;size&quot;:&quot;&quot;},&quot;jet_parallax_layout_speed&quot;:{&quot;unit&quot;:&quot;%&quot;,&quot;size&quot;:50,&quot;sizes&quot;:[]},&quot;jet_parallax_layout_type&quot;:&quot;scroll&quot;,&quot;jet_parallax_layout_direction&quot;:&quot;1&quot;,&quot;jet_parallax_layout_fx_direction&quot;:null,&quot;jet_parallax_layout_z_index&quot;:&quot;&quot;,&quot;jet_parallax_layout_bg_x&quot;:50,&quot;jet_parallax_layout_bg_x_tablet&quot;:&quot;&quot;,&quot;jet_parallax_layout_bg_x_mobile&quot;:&quot;&quot;,&quot;jet_parallax_layout_bg_y&quot;:50,&quot;jet_parallax_layout_bg_y_tablet&quot;:&quot;&quot;,&quot;jet_parallax_layout_bg_y_mobile&quot;:&quot;&quot;,&quot;jet_parallax_layout_bg_size&quot;:&quot;auto&quot;,&quot;jet_parallax_layout_bg_size_tablet&quot;:&quot;&quot;,&quot;jet_parallax_layout_bg_size_mobile&quot;:&quot;&quot;,&quot;jet_parallax_layout_animation_prop&quot;:&quot;transform&quot;,&quot;jet_parallax_layout_on&quot;:[&quot;desktop&quot;,&quot;tablet&quot;]}],&quot;background_background&quot;:&quot;classic&quot;}\">\n\t\t\t\t\t\t<div class=\"elementor-container elementor-column-gap-no\">\n\t\t\t\t\t<div class=\"elementor-column elementor-col-100 elementor-top-column elementor-element elementor-element-895fbe6\" data-id=\"895fbe6\" data-element_type=\"column\">\n\t\t\t<div class=\"elementor-widget-wrap elementor-element-populated\">\n\t\t\t\t\t\t<div class=\"elementor-element elementor-element-949fc18 elementor-invisible elementor-widget elementor-widget-heading\" data-id=\"949fc18\" data-element_type=\"widget\" data-settings=\"{&quot;_animation&quot;:&quot;slideInLeft&quot;}\" data-widget_type=\"heading.default\">\n\t\t\t\t<div class=\"elementor-widget-container\">\n\t\t\t\t\t<h3 class=\"elementor-heading-title elementor-size-default\">Notre mission<\/h3>\t\t\t\t<\/div>\n\t\t\t\t<\/div>\n\t\t\t\t<div class=\"elementor-element elementor-element-0befe19 elementor-invisible elementor-widget elementor-widget-text-editor\" data-id=\"0befe19\" data-element_type=\"widget\" data-settings=\"{&quot;_animation&quot;:&quot;slideInLeft&quot;}\" data-widget_type=\"text-editor.default\">\n\t\t\t\t<div class=\"elementor-widget-container\">\n\t\t\t\t\t\t\t\t\tNous voulons demeurer la r\u00e9f\u00e9rence en mati\u00e8re de service de qualit\u00e9, de d\u00e9vouement et de flexibilit\u00e9, en r\u00e9pondant constamment \u00e0 vos besoins. IST Logistics combine les connaissances de son personnel exp\u00e9riment\u00e9 et de son syst\u00e8me d&rsquo;exploitation de pointe pour d\u00e9passer vos attentes.\t\t\t\t\t\t\t\t<\/div>\n\t\t\t\t<\/div>\n\t\t\t\t<div class=\"elementor-element elementor-element-4deaf8c elementor-invisible elementor-widget elementor-widget-raven-button\" data-id=\"4deaf8c\" data-element_type=\"widget\" data-settings=\"{&quot;_animation&quot;:&quot;slideInLeft&quot;,&quot;turn_to_popup_action_button&quot;:&quot;no&quot;}\" data-widget_type=\"raven-button.default\">\n\t\t\t\t<div class=\"elementor-widget-container\">\n\t\t\t\t\t\t\t<div class=\"raven-widget-wrapper\">\n\t\t\t<a class=\"raven-button raven-button-widget-normal-effect-none  raven-button-text-align-center raven-button-link elementor-animation-none\" href=\"\/fr\/services\/\">\t\t\t\t<div class=\"raven-button-overlay\" ><\/div>\n\t\t\t\t<span class=\"raven-button-content\">\n\t\t\t\t\t\n\t\t\t\t\t<div class=\"button-text-container\">\n\t\t\t\t\t\t\t\t\t\t\t\t<div class=\"raven-button-texts-wrapper\">\n\t\t\t\t\t\t\t<div class=\"button-text\">\n\t\t\t\t\t\t\t\t<span class=\"raven-button-text\">\n\t\t\t\t\t\t\t\t\tEn savoir plus sur nos services\t\t\t\t\t\t\t\t<\/span>\n\t\t\t\t\t\t\t<\/div>\n\t\t\t\t\t\t\t\t\t\t\t\t\t<\/div>\n\t\t\t\t\t\t\t\t\t\t\t<\/div>\n\t\t\t\t\t\n\t\t\t\t\t\t\t\t\t<\/span>\n\t\t\t<\/a>\t\t<\/div>\n\t\t\t\t\t\t<\/div>\n\t\t\t\t<\/div>\n\t\t\t\t\t<\/div>\n\t\t<\/div>\n\t\t\t\t\t<\/div>\n\t\t<\/section>\n\t\t\t\t<section class=\"elementor-section elementor-top-section elementor-element elementor-element-bc7b2e3 elementor-section-boxed elementor-section-height-default elementor-section-height-default\" data-id=\"bc7b2e3\" data-element_type=\"section\" data-settings=\"{&quot;jet_parallax_layout_list&quot;:[{&quot;jet_parallax_layout_image&quot;:{&quot;url&quot;:&quot;&quot;,&quot;id&quot;:&quot;&quot;,&quot;size&quot;:&quot;&quot;},&quot;_id&quot;:&quot;5af6874&quot;,&quot;jet_parallax_layout_image_tablet&quot;:{&quot;url&quot;:&quot;&quot;,&quot;id&quot;:&quot;&quot;,&quot;size&quot;:&quot;&quot;},&quot;jet_parallax_layout_image_mobile&quot;:{&quot;url&quot;:&quot;&quot;,&quot;id&quot;:&quot;&quot;,&quot;size&quot;:&quot;&quot;},&quot;jet_parallax_layout_speed&quot;:{&quot;unit&quot;:&quot;%&quot;,&quot;size&quot;:50,&quot;sizes&quot;:[]},&quot;jet_parallax_layout_type&quot;:&quot;scroll&quot;,&quot;jet_parallax_layout_direction&quot;:&quot;1&quot;,&quot;jet_parallax_layout_fx_direction&quot;:null,&quot;jet_parallax_layout_z_index&quot;:&quot;&quot;,&quot;jet_parallax_layout_bg_x&quot;:50,&quot;jet_parallax_layout_bg_x_tablet&quot;:&quot;&quot;,&quot;jet_parallax_layout_bg_x_mobile&quot;:&quot;&quot;,&quot;jet_parallax_layout_bg_y&quot;:50,&quot;jet_parallax_layout_bg_y_tablet&quot;:&quot;&quot;,&quot;jet_parallax_layout_bg_y_mobile&quot;:&quot;&quot;,&quot;jet_parallax_layout_bg_size&quot;:&quot;auto&quot;,&quot;jet_parallax_layout_bg_size_tablet&quot;:&quot;&quot;,&quot;jet_parallax_layout_bg_size_mobile&quot;:&quot;&quot;,&quot;jet_parallax_layout_animation_prop&quot;:&quot;transform&quot;,&quot;jet_parallax_layout_on&quot;:[&quot;desktop&quot;,&quot;tablet&quot;]}],&quot;background_background&quot;:&quot;classic&quot;}\">\n\t\t\t\t\t\t<div class=\"elementor-container elementor-column-gap-no\">\n\t\t\t\t\t<div class=\"elementor-column elementor-col-100 elementor-top-column elementor-element elementor-element-beda453\" data-id=\"beda453\" data-element_type=\"column\">\n\t\t\t<div class=\"elementor-widget-wrap elementor-element-populated\">\n\t\t\t\t\t\t<div class=\"elementor-element elementor-element-1e4f56f elementor-invisible elementor-widget elementor-widget-heading\" data-id=\"1e4f56f\" data-element_type=\"widget\" data-settings=\"{&quot;_animation&quot;:&quot;slideInLeft&quot;}\" data-widget_type=\"heading.default\">\n\t\t\t\t<div class=\"elementor-widget-container\">\n\t\t\t\t\t<h3 class=\"elementor-heading-title elementor-size-default\">Continuons d'avancer ensemble<\/h3>\t\t\t\t<\/div>\n\t\t\t\t<\/div>\n\t\t\t\t<div class=\"elementor-element elementor-element-72c3617 elementor-invisible elementor-widget elementor-widget-text-editor\" data-id=\"72c3617\" data-element_type=\"widget\" data-settings=\"{&quot;_animation&quot;:&quot;slideInLeft&quot;}\" data-widget_type=\"text-editor.default\">\n\t\t\t\t<div class=\"elementor-widget-container\">\n\t\t\t\t\t\t\t\t\t<p>Nous sommes toujours \u00e0 la recherche de chauffeurs motiv\u00e9s et exp\u00e9riment\u00e9s, de r\u00e9partiteurs et d&rsquo;op\u00e9rateurs d&rsquo;entrep\u00f4t, tels que des pr\u00e9parateurs de commandes et des v\u00e9rificateurs.<\/p>\n<p>Nous pensons que le bon travail est le fruit d&rsquo;un travail d&rsquo;\u00e9quipe et d&rsquo;une approche centr\u00e9e sur le client. Chez IST Logistics, nous offrons des possibilit\u00e9s de croissance continues gr\u00e2ce au d\u00e9veloppement des comp\u00e9tences et \u00e0 un environnement professionnel qui favorise les relations amicales, la s\u00e9curit\u00e9 et les meilleures pratiques de l&rsquo;industrie.<\/p>\t\t\t\t\t\t\t\t<\/div>\n\t\t\t\t<\/div>\n\t\t\t\t<div class=\"elementor-element elementor-element-8417117 elementor-invisible elementor-widget elementor-widget-raven-button\" data-id=\"8417117\" data-element_type=\"widget\" data-settings=\"{&quot;_animation&quot;:&quot;slideInLeft&quot;,&quot;turn_to_popup_action_button&quot;:&quot;no&quot;}\" data-widget_type=\"raven-button.default\">\n\t\t\t\t<div class=\"elementor-widget-container\">\n\t\t\t\t\t\t\t<div class=\"raven-widget-wrapper\">\n\t\t\t<a class=\"raven-button raven-button-widget-normal-effect-none  raven-button-text-align-center raven-button-link elementor-animation-none\" href=\"\/fr\/carriere\/\">\t\t\t\t<div class=\"raven-button-overlay\" ><\/div>\n\t\t\t\t<span class=\"raven-button-content\">\n\t\t\t\t\t\n\t\t\t\t\t<div class=\"button-text-container\">\n\t\t\t\t\t\t\t\t\t\t\t\t<div class=\"raven-button-texts-wrapper\">\n\t\t\t\t\t\t\t<div class=\"button-text\">\n\t\t\t\t\t\t\t\t<span class=\"raven-button-text\">\n\t\t\t\t\t\t\t\t\tRejoignez notre \u00e9quipe en pleine expansion\t\t\t\t\t\t\t\t<\/span>\n\t\t\t\t\t\t\t<\/div>\n\t\t\t\t\t\t\t\t\t\t\t\t\t<\/div>\n\t\t\t\t\t\t\t\t\t\t\t<\/div>\n\t\t\t\t\t\n\t\t\t\t\t\t\t\t\t<\/span>\n\t\t\t<\/a>\t\t<\/div>\n\t\t\t\t\t\t<\/div>\n\t\t\t\t<\/div>\n\t\t\t\t\t<\/div>\n\t\t<\/div>\n\t\t\t\t\t<\/div>\n\t\t<\/section>\n\t\t\t\t<\/div>\n\t\t","protected":false},"excerpt":{"rendered":"<p>Notre entreprise de transport et de logistique Exp\u00e9dition de fret \u00e0 travers l&rsquo;Am\u00e9rique du Nord depuis plus d&rsquo;une d\u00e9cennie Fond\u00e9e en 2010, IST Logistics a sans cesse \u00e9largi ses services en offrant des solutions de transport et de cha\u00eene d&rsquo;approvisionnement enti\u00e8rement int\u00e9gr\u00e9es. Bas\u00e9s \u00e0 Montr\u00e9al, au Qu\u00e9bec, nous avons l&rsquo;expertise pour r\u00e9pondre \u00e0 vos besoins [&hellip;]<\/p>\n","protected":false},"author":2,"featured_media":0,"parent":0,"menu_order":0,"comment_status":"closed","ping_status":"closed","template":"full-width.php","meta":{"_acf_changed":false,"footnotes":""},"class_list":["post-763","page","type-page","status-publish","hentry"],"acf":[],"yoast_head":"<!-- This site is optimized with the Yoast SEO plugin v27.2 - https:\/\/yoast.com\/product\/yoast-seo-wordpress\/ -->\n<title>Transport et Logistique en Am\u00e9rique du Nord |\u00a0IST Logistics<\/title>\n<meta name=\"description\" content=\"Nous sommes un fournisseur de services logistiques, de transport, d&#039;entreposage et de distribution. Apprenez-en plus sur notre entreprise!\" \/>\n<meta name=\"robots\" content=\"index, follow, max-snippet:-1, max-image-preview:large, max-video-preview:-1\" \/>\n<link rel=\"canonical\" href=\"https:\/\/www.istlogistics.ca\/about-us\/\" \/>\n<meta property=\"og:locale\" content=\"fr_CA\" \/>\n<meta property=\"og:type\" content=\"article\" \/>\n<meta property=\"og:title\" content=\"Transport et Logistique en Am\u00e9rique du Nord |\u00a0IST Logistics\" \/>\n<meta property=\"og:description\" content=\"Nous sommes un fournisseur de services logistiques, de transport, d&#039;entreposage et de distribution. Apprenez-en plus sur notre entreprise!\" \/>\n<meta property=\"og:url\" content=\"https:\/\/www.istlogistics.ca\/about-us\/\" \/>\n<meta property=\"og:site_name\" content=\"IST Logistics\" \/>\n<meta property=\"article:modified_time\" content=\"2022-04-13T12:06:36+00:00\" \/>\n<meta property=\"og:image\" content=\"https:\/\/www.istlogistics.ca\/wp-content\/uploads\/map-canada-usa-cfcfcf-fonce-1024x1024.jpg\" \/>\n<meta name=\"twitter:card\" content=\"summary_large_image\" \/>\n<meta name=\"twitter:label1\" content=\"Estimation du temps de lecture\" \/>\n\t<meta name=\"twitter:data1\" content=\"2 minutes\" \/>\n<script type=\"application\/ld+json\" class=\"yoast-schema-graph\">{\"@context\":\"https:\/\/schema.org\",\"@graph\":[{\"@type\":\"WebPage\",\"@id\":\"https:\/\/www.istlogistics.ca\/about-us\/\",\"url\":\"https:\/\/www.istlogistics.ca\/about-us\/\",\"name\":\"Transport et Logistique en Am\u00e9rique du Nord |\u00a0IST Logistics\",\"isPartOf\":{\"@id\":\"https:\/\/www.istlogistics.ca\/#website\"},\"primaryImageOfPage\":{\"@id\":\"https:\/\/www.istlogistics.ca\/about-us\/#primaryimage\"},\"image\":{\"@id\":\"https:\/\/www.istlogistics.ca\/about-us\/#primaryimage\"},\"thumbnailUrl\":\"https:\/\/www.istlogistics.ca\/wp-content\/uploads\/map-canada-usa-cfcfcf-fonce-1024x1024.jpg\",\"datePublished\":\"2020-11-14T12:29:13+00:00\",\"dateModified\":\"2022-04-13T12:06:36+00:00\",\"description\":\"Nous sommes un fournisseur de services logistiques, de transport, d'entreposage et de distribution. Apprenez-en plus sur notre entreprise!\",\"breadcrumb\":{\"@id\":\"https:\/\/www.istlogistics.ca\/about-us\/#breadcrumb\"},\"inLanguage\":\"fr-CA\",\"potentialAction\":[{\"@type\":\"ReadAction\",\"target\":[\"https:\/\/www.istlogistics.ca\/about-us\/\"]}]},{\"@type\":\"ImageObject\",\"inLanguage\":\"fr-CA\",\"@id\":\"https:\/\/www.istlogistics.ca\/about-us\/#primaryimage\",\"url\":\"https:\/\/www.istlogistics.ca\/wp-content\/uploads\/map-canada-usa-cfcfcf-fonce-1024x1024.jpg\",\"contentUrl\":\"https:\/\/www.istlogistics.ca\/wp-content\/uploads\/map-canada-usa-cfcfcf-fonce-1024x1024.jpg\"},{\"@type\":\"BreadcrumbList\",\"@id\":\"https:\/\/www.istlogistics.ca\/about-us\/#breadcrumb\",\"itemListElement\":[{\"@type\":\"ListItem\",\"position\":1,\"name\":\"Home\",\"item\":\"https:\/\/www.istlogistics.ca\/\"},{\"@type\":\"ListItem\",\"position\":2,\"name\":\"\u00c0 propos\"}]},{\"@type\":\"WebSite\",\"@id\":\"https:\/\/www.istlogistics.ca\/#website\",\"url\":\"https:\/\/www.istlogistics.ca\/\",\"name\":\"IST Logistics\",\"description\":\"IST Logistics\",\"potentialAction\":[{\"@type\":\"SearchAction\",\"target\":{\"@type\":\"EntryPoint\",\"urlTemplate\":\"https:\/\/www.istlogistics.ca\/?s={search_term_string}\"},\"query-input\":{\"@type\":\"PropertyValueSpecification\",\"valueRequired\":true,\"valueName\":\"search_term_string\"}}],\"inLanguage\":\"fr-CA\"}]}<\/script>\n<!-- \/ Yoast SEO plugin. -->","yoast_head_json":{"title":"Transport et Logistique en Am\u00e9rique du Nord |\u00a0IST Logistics","description":"Nous sommes un fournisseur de services logistiques, de transport, d'entreposage et de distribution. Apprenez-en plus sur notre entreprise!","robots":{"index":"index","follow":"follow","max-snippet":"max-snippet:-1","max-image-preview":"max-image-preview:large","max-video-preview":"max-video-preview:-1"},"canonical":"https:\/\/www.istlogistics.ca\/about-us\/","og_locale":"fr_CA","og_type":"article","og_title":"Transport et Logistique en Am\u00e9rique du Nord |\u00a0IST Logistics","og_description":"Nous sommes un fournisseur de services logistiques, de transport, d'entreposage et de distribution. Apprenez-en plus sur notre entreprise!","og_url":"https:\/\/www.istlogistics.ca\/about-us\/","og_site_name":"IST Logistics","article_modified_time":"2022-04-13T12:06:36+00:00","og_image":[{"url":"https:\/\/www.istlogistics.ca\/wp-content\/uploads\/map-canada-usa-cfcfcf-fonce-1024x1024.jpg","type":"","width":"","height":""}],"twitter_card":"summary_large_image","twitter_misc":{"Estimation du temps de lecture":"2 minutes"},"schema":{"@context":"https:\/\/schema.org","@graph":[{"@type":"WebPage","@id":"https:\/\/www.istlogistics.ca\/about-us\/","url":"https:\/\/www.istlogistics.ca\/about-us\/","name":"Transport et Logistique en Am\u00e9rique du Nord |\u00a0IST Logistics","isPartOf":{"@id":"https:\/\/www.istlogistics.ca\/#website"},"primaryImageOfPage":{"@id":"https:\/\/www.istlogistics.ca\/about-us\/#primaryimage"},"image":{"@id":"https:\/\/www.istlogistics.ca\/about-us\/#primaryimage"},"thumbnailUrl":"https:\/\/www.istlogistics.ca\/wp-content\/uploads\/map-canada-usa-cfcfcf-fonce-1024x1024.jpg","datePublished":"2020-11-14T12:29:13+00:00","dateModified":"2022-04-13T12:06:36+00:00","description":"Nous sommes un fournisseur de services logistiques, de transport, d'entreposage et de distribution. Apprenez-en plus sur notre entreprise!","breadcrumb":{"@id":"https:\/\/www.istlogistics.ca\/about-us\/#breadcrumb"},"inLanguage":"fr-CA","potentialAction":[{"@type":"ReadAction","target":["https:\/\/www.istlogistics.ca\/about-us\/"]}]},{"@type":"ImageObject","inLanguage":"fr-CA","@id":"https:\/\/www.istlogistics.ca\/about-us\/#primaryimage","url":"https:\/\/www.istlogistics.ca\/wp-content\/uploads\/map-canada-usa-cfcfcf-fonce-1024x1024.jpg","contentUrl":"https:\/\/www.istlogistics.ca\/wp-content\/uploads\/map-canada-usa-cfcfcf-fonce-1024x1024.jpg"},{"@type":"BreadcrumbList","@id":"https:\/\/www.istlogistics.ca\/about-us\/#breadcrumb","itemListElement":[{"@type":"ListItem","position":1,"name":"Home","item":"https:\/\/www.istlogistics.ca\/"},{"@type":"ListItem","position":2,"name":"\u00c0 propos"}]},{"@type":"WebSite","@id":"https:\/\/www.istlogistics.ca\/#website","url":"https:\/\/www.istlogistics.ca\/","name":"IST Logistics","description":"IST Logistics","potentialAction":[{"@type":"SearchAction","target":{"@type":"EntryPoint","urlTemplate":"https:\/\/www.istlogistics.ca\/?s={search_term_string}"},"query-input":{"@type":"PropertyValueSpecification","valueRequired":true,"valueName":"search_term_string"}}],"inLanguage":"fr-CA"}]}},"_links":{"self":[{"href":"https:\/\/www.istlogistics.ca\/fr\/wp-json\/wp\/v2\/pages\/763","targetHints":{"allow":["GET"]}}],"collection":[{"href":"https:\/\/www.istlogistics.ca\/fr\/wp-json\/wp\/v2\/pages"}],"about":[{"href":"https:\/\/www.istlogistics.ca\/fr\/wp-json\/wp\/v2\/types\/page"}],"author":[{"embeddable":true,"href":"https:\/\/www.istlogistics.ca\/fr\/wp-json\/wp\/v2\/users\/2"}],"replies":[{"embeddable":true,"href":"https:\/\/www.istlogistics.ca\/fr\/wp-json\/wp\/v2\/comments?post=763"}],"version-history":[{"count":15,"href":"https:\/\/www.istlogistics.ca\/fr\/wp-json\/wp\/v2\/pages\/763\/revisions"}],"predecessor-version":[{"id":920,"href":"https:\/\/www.istlogistics.ca\/fr\/wp-json\/wp\/v2\/pages\/763\/revisions\/920"}],"wp:attachment":[{"href":"https:\/\/www.istlogistics.ca\/fr\/wp-json\/wp\/v2\/media?parent=763"}],"curies":[{"name":"wp","href":"https:\/\/api.w.org\/{rel}","templated":true}]}}